{"id":75,"date":"2021-11-30T11:08:02","date_gmt":"2021-11-30T11:08:02","guid":{"rendered":"http:\/\/192.168.1.35\/wordpress\/?page_id=75"},"modified":"2026-05-09T16:38:44","modified_gmt":"2026-05-09T16:38:44","slug":"asociacion","status":"publish","type":"page","link":"http:\/\/ansoldes.com\/index.php\/asociacion\/","title":{"rendered":"Junta Directiva"},"content":{"rendered":"\n<div class=\"wp-block-columns alignfull has-primary-color has-text-color has-background\" style=\"background-color:#005275\">\n<div class=\"wp-block-column is-vertically-aligned-center has-primary-color has-text-color has-background\" style=\"background-color:#005275\">\n<p class=\"has-text-align-center has-primary-color has-text-color\"><strong>Presidente:<\/strong> D. Antonio Rodr\u00edguez de la Borbolla y V\u00e1zquez<\/p>\n\n\n\n<p class=\"has-text-align-center has-primary-color has-text-color\"><strong>Vicepresidente 1\u00ba:<\/strong> D. Benito Mateos Nevado Alonso<\/p>\n\n\n\n<p class=\"has-text-align-center has-primary-color has-text-color\"><strong>Vicepresidente 2\u00ba:<\/strong> D. Fernando Mart\u00ednez P\u00e9rez<\/p>\n\n\n\n<p class=\"has-text-align-center has-primary-color has-text-color\"><strong>Secretario:<\/strong> D. Jos\u00e9 M\u00aa Florit de Carranza<\/p>\n\n\n\n<p class=\"has-text-align-center has-primary-color has-text-color\"><strong>Tesorero:<\/strong> D. Antonio Campos Pe\u00f1a<\/p>\n\n\n\n<p class=\"has-text-align-center has-primary-color has-text-color\"><strong>Vocales:<\/strong><\/p>\n\n\n\n<p class=\"has-text-align-center has-primary-color has-text-color\">D. Basilio Angulo Guerrero<\/p>\n\n\n\n<p class=\"has-text-align-center has-primary-color has-text-color\">D. Jos\u00e9 Carlos D\u00edaz Trigo<\/p>\n\n\n\n<p class=\"has-text-align-center has-primary-color has-text-color\">D. Julio Insausti<\/p>\n\n\n\n<p class=\"has-text-align-center has-primary-color has-text-color\">D. Jes\u00fas Guerrero Chac\u00f3n<\/p>\n<\/div>\n<\/div>\n\n\n\n<p>Die <a href=\"http:\/\/ghostwriters-arbeiten.de\/masterarbeit-schreiben-lassen\" style=\"color: inherit; text-decoration: none;\"> masterarbeit ghostwriting <\/a>ist die h\u00f6chste Stufe der studentischen Arbeit. Die Masterarbeit befasst sich mit aktuellen wissenschaftlichen Problemen aus dem Fachgebiet des Studierenden. Student muss die M\u00f6glichkeiten finden, dieses Problem zu l\u00f6sen. F\u00fcr Studierende, die eine Masterarbeit schreiben, ist dies nicht die erste Aufgabe in ihrer akademischen Laufbahn. Eine Masterarbeit kann jedoch eine schwierige Aufgabe sein, nicht nur wegen ihrer Umfangs, sondern auch wegen der erforderlichen Forschungst\u00e4tigkeit.<\/p>\n","protected":false},"excerpt":{"rendered":"<p>Presidente: D. Antonio Rodr\u00edguez de la Borbolla y V\u00e1zquez Vicepresidente 1\u00ba: D. Benito Mateos Nevado Alonso Vicepresidente 2\u00ba: D. Fernando Mart\u00ednez P\u00e9rez Secretario: D. Jos\u00e9 M\u00aa Florit de Carranza Tesorero: D. Antonio Campos Pe\u00f1a Vocales: D. Basilio Angulo Guerrero D. Jos\u00e9 Carlos D\u00edaz Trigo D. Julio Insausti D. Jes\u00fas Guerrero Chac\u00f3n Die masterarbeit ghostwriting ist [&hellip;]<\/p>\n","protected":false},"author":1,"featured_media":0,"parent":0,"menu_order":0,"comment_status":"closed","ping_status":"closed","template":"","meta":[],"_links":{"self":[{"href":"http:\/\/ansoldes.com\/index.php\/wp-json\/wp\/v2\/pages\/75"}],"collection":[{"href":"http:\/\/ansoldes.com\/index.php\/wp-json\/wp\/v2\/pages"}],"about":[{"href":"http:\/\/ansoldes.com\/index.php\/wp-json\/wp\/v2\/types\/page"}],"author":[{"embeddable":true,"href":"http:\/\/ansoldes.com\/index.php\/wp-json\/wp\/v2\/users\/1"}],"replies":[{"embeddable":true,"href":"http:\/\/ansoldes.com\/index.php\/wp-json\/wp\/v2\/comments?post=75"}],"version-history":[{"count":42,"href":"http:\/\/ansoldes.com\/index.php\/wp-json\/wp\/v2\/pages\/75\/revisions"}],"predecessor-version":[{"id":270393,"href":"http:\/\/ansoldes.com\/index.php\/wp-json\/wp\/v2\/pages\/75\/revisions\/270393"}],"wp:attachment":[{"href":"http:\/\/ansoldes.com\/index.php\/wp-json\/wp\/v2\/media?parent=75"}],"curies":[{"name":"wp","href":"https:\/\/api.w.org\/{rel}","templated":true}]}}