{"id":474,"date":"2022-05-28T10:07:03","date_gmt":"2022-05-28T10:07:03","guid":{"rendered":"http:\/\/ansoldes.com\/?page_id=474"},"modified":"2026-04-06T00:13:15","modified_gmt":"2026-04-06T00:13:15","slug":"enlaces-de-interes","status":"publish","type":"page","link":"http:\/\/ansoldes.com\/index.php\/enlaces-de-interes\/","title":{"rendered":"Enlaces de inter\u00e9s"},"content":{"rendered":"\n<div class=\"wp-block-columns alignfull has-background\" style=\"background-color:#0071a1\">\n<div class=\"wp-block-column\">\n<ul><li><a href=\"https:\/\/www.congreso.es\/\">CONGRESO DE LOS DIPUTADOS<\/a><\/li><li><a href=\"https:\/\/www.senado.es\/web\/index.html\">SENADO DE ESPA\u00d1A<\/a><\/li><li><a href=\"https:\/\/www.casareal.es\/ES\/Paginas\/home.aspx\">CASA DE SU MAJESTAD EL REY<\/a><\/li><li><a href=\"https:\/\/www.defensa.gob.es\/\">MINISTERIO DE DEFENSA<\/a><\/li><li><a href=\"https:\/\/www.guardiacivil.es\/es\/index.html\">GUARDIA CIVIL<\/a><\/li><li><a href=\"https:\/\/www.policia.es\/_es\/index.php#\">POLIC\u00cdA NACIONAL<\/a><\/li><li><a href=\"https:\/\/www.ieee.es\/\">INSTITUTO ESPA\u00d1OL DE ESTUDIOS ESTRAT\u00c9GICOS<\/a><\/li><\/ul>\n<\/div>\n<\/div>\n","protected":false},"excerpt":{"rendered":"<p>CONGRESO DE LOS DIPUTADOS SENADO DE ESPA\u00d1A CASA DE SU MAJESTAD EL REY MINISTERIO DE DEFENSA GUARDIA CIVIL POLIC\u00cdA NACIONAL INSTITUTO ESPA\u00d1OL DE ESTUDIOS ESTRAT\u00c9GICOS<\/p>\n","protected":false},"author":1,"featured_media":0,"parent":0,"menu_order":0,"comment_status":"closed","ping_status":"closed","template":"","meta":[],"_links":{"self":[{"href":"http:\/\/ansoldes.com\/index.php\/wp-json\/wp\/v2\/pages\/474"}],"collection":[{"href":"http:\/\/ansoldes.com\/index.php\/wp-json\/wp\/v2\/pages"}],"about":[{"href":"http:\/\/ansoldes.com\/index.php\/wp-json\/wp\/v2\/types\/page"}],"author":[{"embeddable":true,"href":"http:\/\/ansoldes.com\/index.php\/wp-json\/wp\/v2\/users\/1"}],"replies":[{"embeddable":true,"href":"http:\/\/ansoldes.com\/index.php\/wp-json\/wp\/v2\/comments?post=474"}],"version-history":[{"count":6,"href":"http:\/\/ansoldes.com\/index.php\/wp-json\/wp\/v2\/pages\/474\/revisions"}],"predecessor-version":[{"id":156509,"href":"http:\/\/ansoldes.com\/index.php\/wp-json\/wp\/v2\/pages\/474\/revisions\/156509"}],"wp:attachment":[{"href":"http:\/\/ansoldes.com\/index.php\/wp-json\/wp\/v2\/media?parent=474"}],"curies":[{"name":"wp","href":"https:\/\/api.w.org\/{rel}","templated":true}]}}