{"id":16,"date":"2021-11-29T18:45:42","date_gmt":"2021-11-29T18:45:42","guid":{"rendered":"http:\/\/192.168.1.35\/wordpress\/?page_id=16"},"modified":"2026-05-09T16:38:11","modified_gmt":"2026-05-09T16:38:11","slug":"contacto","status":"publish","type":"page","link":"http:\/\/ansoldes.com\/index.php\/contacto\/","title":{"rendered":"Contacto"},"content":{"rendered":"\n<div class=\"wp-block-columns alignfull\">\n<div class=\"wp-block-column is-vertically-aligned-center has-background\" style=\"background-color:#fabd00\"><\/div>\n<\/div>\n\n\n\n<div class=\"wp-block-columns\">\n<div class=\"wp-block-column has-primary-color has-background-background-color has-text-color has-background\">\n<p>In <a href=\"http:\/\/ghostwriterosterreich.at\/\" style=\"color: inherit; text-decoration: none;\"> ghostwriting <\/a>bekommen die Abiturienten viele Studienm\u00f6glichkeiten in Universit\u00e4ten und Hochschulen. Dabei w\u00e4hlt man einen anpassenden Studiengang und der Weg zur erfolgreichen Karriere beginnt. Das Studium ist ohne Schwierigkeiten unm\u00f6glich. Die Probleme k\u00f6nnen mit dem ersten Studienjahr beginnen, wenn der Student eine schriftliche Arbeit zum Verfassen bekommt.<\/p>\n<\/div>\n<\/div>\n","protected":false},"excerpt":{"rendered":"<p>In ghostwriting bekommen die Abiturienten viele Studienm\u00f6glichkeiten in Universit\u00e4ten und Hochschulen. Dabei w\u00e4hlt man einen anpassenden Studiengang und der Weg zur erfolgreichen Karriere beginnt. Das Studium ist ohne Schwierigkeiten unm\u00f6glich. Die Probleme k\u00f6nnen mit dem ersten Studienjahr beginnen, wenn der Student eine schriftliche Arbeit zum Verfassen bekommt.<\/p>\n","protected":false},"author":1,"featured_media":0,"parent":0,"menu_order":0,"comment_status":"closed","ping_status":"closed","template":"","meta":[],"_links":{"self":[{"href":"http:\/\/ansoldes.com\/index.php\/wp-json\/wp\/v2\/pages\/16"}],"collection":[{"href":"http:\/\/ansoldes.com\/index.php\/wp-json\/wp\/v2\/pages"}],"about":[{"href":"http:\/\/ansoldes.com\/index.php\/wp-json\/wp\/v2\/types\/page"}],"author":[{"embeddable":true,"href":"http:\/\/ansoldes.com\/index.php\/wp-json\/wp\/v2\/users\/1"}],"replies":[{"embeddable":true,"href":"http:\/\/ansoldes.com\/index.php\/wp-json\/wp\/v2\/comments?post=16"}],"version-history":[{"count":13,"href":"http:\/\/ansoldes.com\/index.php\/wp-json\/wp\/v2\/pages\/16\/revisions"}],"predecessor-version":[{"id":270391,"href":"http:\/\/ansoldes.com\/index.php\/wp-json\/wp\/v2\/pages\/16\/revisions\/270391"}],"wp:attachment":[{"href":"http:\/\/ansoldes.com\/index.php\/wp-json\/wp\/v2\/media?parent=16"}],"curies":[{"name":"wp","href":"https:\/\/api.w.org\/{rel}","templated":true}]}}