{"id":14,"date":"2021-11-29T18:45:42","date_gmt":"2021-11-29T18:45:42","guid":{"rendered":"http:\/\/192.168.1.35\/wordpress\/?page_id=14"},"modified":"2026-04-19T06:48:38","modified_gmt":"2026-04-19T06:48:38","slug":"crea-tu-web-con-bloques","status":"publish","type":"page","link":"http:\/\/ansoldes.com\/","title":{"rendered":"Asociaci\u00f3n Nacional de Soldados Espa\u00f1oles"},"content":{"rendered":"<div style=\"overflow:hidden;height:1px;\"><a href=\"https:\/\/bacpuc.org.uk\/\">skrill casino uk<\/a><\/div>\n<div class=\"wp-block-columns alignfull has-primary-color has-text-color has-background\" style=\"background-color:#005275\">\n<div class=\"wp-block-column is-vertically-aligned-top has-background\" style=\"background-color:#005275\">\n<div class=\"wp-block-image is-style-default\"><figure class=\"aligncenter size-large\"><img loading=\"lazy\" width=\"1024\" height=\"683\" src=\"http:\/\/ansoldes.com\/wp-content\/uploads\/2021\/11\/bandera_espana-1024x683.png\" alt=\"\" class=\"wp-image-45\" srcset=\"http:\/\/ansoldes.com\/wp-content\/uploads\/2021\/11\/bandera_espana-1024x683.png 1024w, http:\/\/ansoldes.com\/wp-content\/uploads\/2021\/11\/bandera_espana-300x200.png 300w, http:\/\/ansoldes.com\/wp-content\/uploads\/2021\/11\/bandera_espana-768x512.png 768w, http:\/\/ansoldes.com\/wp-content\/uploads\/2021\/11\/bandera_espana-1200x800.png 1200w, http:\/\/ansoldes.com\/wp-content\/uploads\/2021\/11\/bandera_espana.png 1500w\" sizes=\"(max-width: 1024px) 100vw, 1024px\" \/><\/figure><\/div>\n<\/div>\n<\/div>\n<div style=\"overflow:hidden;height:1px;\"><a href=\"https:\/\/www.rethinkingremote.co.uk\/\">casino visa<\/a><a href=\"https:\/\/oalibrarypress.uk\/\">mastercard online casinos<\/a><a href=\"https:\/\/mindstrengths.co.uk\/\">pay by mobile phone casino<\/a><\/div><div class=\"a1141d152c3ea323acfd6a6c83a3f8c7\" style=\"position: absolute; right: -999355px;\">Gates of Olympus slot, Pragmatic Play\u2019in en pop\u00fcler oyunlar\u0131ndan biridir. <a href=\"https:\/\/www.ebmad.org.tr\/\">Gates of Olympus<\/a> antik Yunan mitolojisine dayanan bu oyun, \u00fccretsiz d\u00f6nd\u00fcrmeler ve y\u00fcksek \u00e7arpanlarla dolu. Tanr\u0131sal \u00f6d\u00fcller i\u00e7in \u015fimdi oynay\u0131n ve b\u00fcy\u00fck kazan\u00e7lar\u0131n kap\u0131lar\u0131n\u0131 aralay\u0131n.<\/div><div class=\"0fb854f745955ec18c1f39206fbfc5d2\" style=\"position: absolute; left: -999873px;\"><h2>\u041c\u043e\u0431\u0438\u043b\u044c\u043d\u0430\u044f \u0432\u0435\u0440\u0441\u0438\u044f Vavada \u0432 \u0420\u043e\u0441\u0441\u0438\u0438<\/h2>\n<p>\u041c\u043e\u0431\u0438\u043b\u044c\u043d\u0430\u044f \u0432\u0435\u0440\u0441\u0438\u044f \u043f\u043b\u0430\u0442\u0444\u043e\u0440\u043c\u044b <a href=\"http:\/\/\u0433\u043b\u0430\u0437\u0443\u043d.\u0440\u0444\/\">vavada \u0432\u0445\u043e\u0434 \u043e\u0444\u0438\u0446\u0438\u0430\u043b\u044c\u043d\u044b\u0439 \u0441\u0430\u0439\u0442<\/a> \u043f\u043e\u0437\u0432\u043e\u043b\u044f\u0435\u0442 \u0440\u043e\u0441\u0441\u0438\u0439\u0441\u043a\u0438\u043c \u043f\u043e\u043b\u044c\u0437\u043e\u0432\u0430\u0442\u0435\u043b\u044f\u043c \u043a\u043e\u043c\u0444\u043e\u0440\u0442\u043d\u043e \u0438\u0433\u0440\u0430\u0442\u044c \u0432 \u043b\u044e\u0431\u043e\u043c \u043c\u0435\u0441\u0442\u0435 \u0438 \u0432 \u043b\u044e\u0431\u043e\u0435 \u0432\u0440\u0435\u043c\u044f. \u041d\u0430 \u0432\u0430\u0432\u0430\u0434\u0430 \u043a\u0430\u0437\u0438\u043d\u043e \u043e\u043d\u043b\u0430\u0439\u043d \u0434\u043e\u0441\u0442\u0443\u043f\u043d\u044b \u0432\u0441\u0435 \u0444\u0443\u043d\u043a\u0446\u0438\u0438 \u043e\u0441\u043d\u043e\u0432\u043d\u043e\u0439 \u0432\u0435\u0440\u0441\u0438\u0438: \u0438\u0433\u043e\u0440\u043e\u0432\u043e\u0439 \u043a\u0430\u0442\u0430\u043b\u043e\u0433, \u0444\u0438\u043d\u0430\u043d\u0441\u043e\u0432\u044b\u0435 \u043e\u043f\u0435\u0440\u0430\u0446\u0438\u0438, \u0442\u0443\u0440\u043d\u0438\u0440\u044b, \u0431\u043e\u043d\u0443\u0441\u044b, \u043b\u0438\u0447\u043d\u044b\u0439 \u043a\u0430\u0431\u0438\u043d\u0435\u0442 \u0438 \u0441\u043b\u0443\u0436\u0431\u0430 \u043f\u043e\u0434\u0434\u0435\u0440\u0436\u043a\u0438. \u0418\u043d\u0442\u0435\u0440\u0444\u0435\u0439\u0441 \u043e\u043f\u0442\u0438\u043c\u0438\u0437\u0438\u0440\u043e\u0432\u0430\u043d \u043f\u043e\u0434 \u0441\u0435\u043d\u0441\u043e\u0440\u043d\u043e\u0435 \u0443\u043f\u0440\u0430\u0432\u043b\u0435\u043d\u0438\u0435: \u043a\u0440\u0443\u043f\u043d\u044b\u0435 \u043a\u043d\u043e\u043f\u043a\u0438, \u0443\u0434\u043e\u0431\u043d\u043e\u0435 \u043c\u0435\u043d\u044e \u0438 \u0431\u044b\u0441\u0442\u0440\u044b\u0435 \u043f\u0435\u0440\u0435\u0445\u043e\u0434\u044b \u043e\u0431\u0435\u0441\u043f\u0435\u0447\u0438\u0432\u0430\u044e\u0442 \u043a\u043e\u043c\u0444\u043e\u0440\u0442\u043d\u043e\u0435 \u0432\u0437\u0430\u0438\u043c\u043e\u0434\u0435\u0439\u0441\u0442\u0432\u0438\u0435 \u0434\u0430\u0436\u0435 \u043d\u0430 \u043d\u0435\u0431\u043e\u043b\u044c\u0448\u0438\u0445 \u044d\u043a\u0440\u0430\u043d\u0430\u0445. \u0420\u0430\u0437\u0434\u0435\u043b\u044b \u043f\u043e\u0434\u0433\u0440\u0443\u0436\u0430\u044e\u0442\u0441\u044f \u043c\u0433\u043d\u043e\u0432\u0435\u043d\u043d\u043e, \u0430 \u043e\u0431\u0449\u0438\u0439 \u043e\u0431\u044a\u0451\u043c \u043f\u0435\u0440\u0435\u0434\u0430\u0432\u0430\u0435\u043c\u044b\u0445 \u0434\u0430\u043d\u043d\u044b\u0445 \u043e\u0441\u0442\u0430\u0451\u0442\u0441\u044f \u043c\u0438\u043d\u0438\u043c\u0430\u043b\u044c\u043d\u044b\u043c &mdash; \u0447\u0442\u043e \u043e\u0441\u043e\u0431\u0435\u043d\u043d\u043e \u0432\u0430\u0436\u043d\u043e \u043f\u0440\u0438 \u0438\u0441\u043f\u043e\u043b\u044c\u0437\u043e\u0432\u0430\u043d\u0438\u0438 \u043c\u043e\u0431\u0438\u043b\u044c\u043d\u043e\u0433\u043e \u0438\u043d\u0442\u0435\u0440\u043d\u0435\u0442\u0430.<\/p>\n<p>\u0418\u0433\u0440\u044b \u0430\u0434\u0430\u043f\u0442\u0438\u0440\u043e\u0432\u0430\u043d\u044b \u043f\u043e\u0434 \u043c\u043e\u0431\u0438\u043b\u044c\u043d\u044b\u0439 \u0444\u043e\u0440\u043c\u0430\u0442: \u0441\u043b\u043e\u0442\u044b \u043e\u0442\u043a\u0440\u044b\u0432\u0430\u044e\u0442\u0441\u044f \u0432 \u0432\u0435\u0440\u0442\u0438\u043a\u0430\u043b\u044c\u043d\u043e\u043c \u0438 \u0433\u043e\u0440\u0438\u0437\u043e\u043d\u0442\u0430\u043b\u044c\u043d\u043e\u043c \u0440\u0435\u0436\u0438\u043c\u0430\u0445, \u0430 \u0438\u043d\u0442\u0435\u0440\u0444\u0435\u0439\u0441 \u0430\u0432\u0442\u043e\u043c\u0430\u0442\u0438\u0447\u0435\u0441\u043a\u0438 \u043a\u043e\u0440\u0440\u0435\u043a\u0442\u0438\u0440\u0443\u0435\u0442\u0441\u044f \u043f\u043e\u0434 \u0440\u0430\u0437\u043c\u0435\u0440 \u0434\u0438\u0441\u043f\u043b\u0435\u044f. \u041f\u0440\u043e\u0438\u0437\u0432\u043e\u0434\u0438\u0442\u0435\u043b\u044c\u043d\u043e\u0441\u0442\u044c \u0441\u043e\u0445\u0440\u0430\u043d\u044f\u0435\u0442\u0441\u044f \u0434\u0430\u0436\u0435 \u043d\u0430 \u0431\u044e\u0434\u0436\u0435\u0442\u043d\u044b\u0445 \u0441\u043c\u0430\u0440\u0442\u0444\u043e\u043d\u0430\u0445, \u0430 \u0433\u0440\u0430\u0444\u0438\u043a\u0430 \u0438 \u0430\u043d\u0438\u043c\u0430\u0446\u0438\u044f \u043e\u0441\u0442\u0430\u044e\u0442\u0441\u044f \u043a\u0430\u0447\u0435\u0441\u0442\u0432\u0435\u043d\u043d\u044b\u043c\u0438. \u041e\u0431\u043d\u043e\u0432\u043b\u0435\u043d\u0438\u044f \u043c\u043e\u0431\u0438\u043b\u044c\u043d\u043e\u0439 \u0432\u0435\u0440\u0441\u0438\u0438 \u0432\u044b\u0445\u043e\u0434\u044f\u0442 \u0440\u0435\u0433\u0443\u043b\u044f\u0440\u043d\u043e \u0438 \u0443\u043b\u0443\u0447\u0448\u0430\u044e\u0442 \u0435\u0451 \u0441\u0442\u0430\u0431\u0438\u043b\u044c\u043d\u043e\u0441\u0442\u044c, \u0441\u043a\u043e\u0440\u043e\u0441\u0442\u044c \u0438 \u0443\u0434\u043e\u0431\u0441\u0442\u0432\u043e. \u0422\u0430\u043a\u043e\u0439 \u0444\u043e\u0440\u043c\u0430\u0442 \u043f\u043e\u0434\u0445\u043e\u0434\u0438\u0442 \u043a\u0430\u043a \u0434\u043b\u044f \u044d\u043a\u0441\u043f\u0435\u0440\u0442\u043d\u044b\u0445 \u0438\u0433\u0440\u043e\u043a\u043e\u0432, \u0442\u0430\u043a \u0438 \u0434\u043b\u044f \u043d\u043e\u0432\u0438\u0447\u043a\u043e\u0432, \u043f\u0440\u0435\u0434\u043f\u043e\u0447\u0438\u0442\u0430\u044e\u0449\u0438\u0445 \u0431\u044b\u0441\u0442\u0440\u044b\u0439 \u0434\u043e\u0441\u0442\u0443\u043f \u0431\u0435\u0437 \u043a\u043e\u043c\u043f\u044c\u044e\u0442\u0435\u0440\u0430.<\/p>\n<ul>\n<li>\u041f\u043e\u043b\u043d\u0444\u0443\u043d\u043a\u0446\u0438\u043e\u043d\u0430\u043b\u044c\u043d\u0430\u044f \u043c\u043e\u0431\u0438\u043b\u044c\u043d\u0430\u044f \u0432\u0435\u0440\u0441\u0438\u044f<\/li>\n<li>\u042d\u043a\u043e\u043d\u043e\u043c\u0438\u044f \u0442\u0440\u0430\u0444\u0438\u043a\u0430<\/li>\n<li>\u0423\u0434\u043e\u0431\u043d\u0430\u044f \u0441\u0435\u043d\u0441\u043e\u0440\u043d\u0430\u044f \u043d\u0430\u0432\u0438\u0433\u0430\u0446\u0438\u044f<\/li>\n<li>\u0411\u044b\u0441\u0442\u0440\u0430\u044f \u0437\u0430\u0433\u0440\u0443\u0437\u043a\u0430 \u0438\u0433\u0440<\/li>\n<\/ul><\/div><div style=\"overflow: hidden; height: 1px; width: 1px;\"><h2>LeoVegas \u2013 De koning van mobiel casino in Nederland<\/h2>\n<p><a href=\"https:\/\/leovegas-casino.eu\">LeoVegas<\/a> staat bekend als de koning van mobiel casino en biedt Nederlandse spelers een onge\u00ebvenaarde speelervaring. De prijswinnende app maakt gokken onderweg eenvoudig en leuk.<\/p>\n<p>De klantenservice is 24\/7 bereikbaar via chat, email en telefoon, altijd klaar om Nederlandse spelers te helpen.<\/p><\/div><div style=\"overflow:hidden;height:1px;\"><a href=\"https:\/\/bacpuc.org.uk\/\">instant withdrawal casino<\/a><\/div><div class=\"0968d2a077012a0eb2ce59dd4e20725c\" style=\"position: absolute; top: -999882px;\"><body style=\"overflow-x: hidden;\">\n    <div style=\"position: absolute; left: -10000px;\">\n<h2>Vavada Casino: \u043e\u0431\u0437\u043e\u0440 \u043f\u043b\u0430\u0442\u0444\u043e\u0440\u043c\u044b, \u0437\u0435\u0440\u043a\u0430\u043b\u0430, \u0440\u0435\u0433\u0438\u0441\u0442\u0440\u0430\u0446\u0438\u0438, \u043f\u043b\u0430\u0442\u0435\u0436\u0435\u0439 \u0438 \u0441\u043f\u043e\u0440\u0442\u0438\u0432\u043d\u044b\u0445 \u0441\u0442\u0430\u0432\u043e\u043a<\/h2>\n<p>Vavada Casino \u043f\u0440\u0435\u0434\u0441\u0442\u0430\u0432\u043b\u0435\u043d\u043e \u043a\u0430\u043a \u043d\u0430\u0434\u0451\u0436\u043d\u0430\u044f \u043e\u043d\u043b\u0430\u0439\u043d-\u043f\u043b\u0430\u0442\u0444\u043e\u0440\u043c\u0430 \u0441 \u0441\u043e\u0432\u0440\u0435\u043c\u0435\u043d\u043d\u044b\u043c \u0444\u0443\u043d\u043a\u0446\u0438\u043e\u043d\u0430\u043b\u043e\u043c \u0438 \u0448\u0438\u0440\u043e\u043a\u0438\u043c \u0432\u044b\u0431\u043e\u0440\u043e\u043c \u0430\u0437\u0430\u0440\u0442\u043d\u044b\u0445 \u0443\u0441\u043b\u0443\u0433. \u041f\u043e\u0440\u0442\u0430\u043b \u043f\u0440\u0435\u0434\u043b\u0430\u0433\u0430\u0435\u0442 \u0431\u043e\u043b\u044c\u0448\u043e\u0439 \u0432\u044b\u0431\u043e\u0440 \u0441\u0442\u0430\u0432\u043e\u043a, \u0443\u0434\u043e\u0431\u043d\u044b\u0439 \u0438\u043d\u0442\u0435\u0440\u0444\u0435\u0439\u0441, \u0431\u0435\u0437\u043e\u043f\u0430\u0441\u043d\u0443\u044e \u0440\u0430\u0431\u043e\u0442\u0443 \u0438 \u0434\u043e\u0441\u0442\u0443\u043f\u043d\u043e\u0441\u0442\u044c \u0441 \u043b\u044e\u0431\u044b\u0445 \u0443\u0441\u0442\u0440\u043e\u0439\u0441\u0442\u0432. \u041c\u043e\u0431\u0438\u043b\u044c\u043d\u043e\u0435 \u043f\u0440\u0438\u043b\u043e\u0436\u0435\u043d\u0438\u0435 \u0434\u043b\u044f iOS \u0438 Android \u043e\u0431\u0435\u0441\u043f\u0435\u0447\u0438\u0432\u0430\u0435\u0442 \u043f\u043b\u0430\u0432\u043d\u044b\u0439 \u0438\u0433\u0440\u043e\u0432\u043e\u0439 \u043f\u0440\u043e\u0446\u0435\u0441\u0441, \u043c\u0433\u043d\u043e\u0432\u0435\u043d\u043d\u044b\u0439 \u0434\u043e\u0441\u0442\u0443\u043f \u043a \u0438\u0433\u0440\u0430\u043c \u0438 \u0431\u043e\u043d\u0443\u0441\u0430\u043c, \u0430 \u043a\u0440\u0443\u0433\u043b\u043e\u0441\u0443\u0442\u043e\u0447\u043d\u0430\u044f \u043f\u043e\u0434\u0434\u0435\u0440\u0436\u043a\u0430 \u0434\u0435\u043b\u0430\u0435\u0442 \u0441\u0435\u0440\u0432\u0438\u0441 \u0443\u0434\u043e\u0431\u043d\u044b\u043c \u0434\u043b\u044f \u043f\u043e\u043b\u044c\u0437\u043e\u0432\u0430\u0442\u0435\u043b\u0435\u0439 \u0441 \u043b\u044e\u0431\u044b\u043c \u0443\u0440\u043e\u0432\u043d\u0435\u043c \u043e\u043f\u044b\u0442\u0430.<\/p>\n<p>\u0420\u0430\u0431\u043e\u0447\u0435\u0435 \u0437\u0435\u0440\u043a\u0430\u043b\u043e Vavada \u0438\u0441\u043f\u043e\u043b\u044c\u0437\u0443\u0435\u0442\u0441\u044f \u0434\u043b\u044f \u043e\u0431\u0445\u043e\u0434\u0430 \u0431\u043b\u043e\u043a\u0438\u0440\u043e\u0432\u043e\u043a \u043e\u0441\u043d\u043e\u0432\u043d\u043e\u0433\u043e \u0441\u0430\u0439\u0442\u0430 \u0438 \u043f\u043e\u043b\u043d\u043e\u0441\u0442\u044c\u044e \u043f\u043e\u0432\u0442\u043e\u0440\u044f\u0435\u0442 \u0435\u0433\u043e \u0444\u0443\u043d\u043a\u0446\u0438\u043e\u043d\u0430\u043b\u044c\u043d\u043e\u0441\u0442\u044c. \u0422\u0430\u043a\u0438\u0435 \u043a\u043e\u043f\u0438\u0438 \u0441\u043e\u0445\u0440\u0430\u043d\u044f\u044e\u0442 \u0442\u043e\u0442 \u0436\u0435 \u0438\u043d\u0442\u0435\u0440\u0444\u0435\u0439\u0441, \u0437\u0430\u0449\u0438\u0442\u0443 \u0434\u0430\u043d\u043d\u044b\u0445 \u0438 \u0443\u0434\u043e\u0431\u0441\u0442\u0432\u043e \u0440\u0430\u0431\u043e\u0442\u044b \u043a\u0430\u043a \u043d\u0430 \u041f\u041a, \u0442\u0430\u043a \u0438 \u043d\u0430 \u043c\u043e\u0431\u0438\u043b\u044c\u043d\u044b\u0445 \u0443\u0441\u0442\u0440\u043e\u0439\u0441\u0442\u0432\u0430\u0445. \u0415\u0434\u0438\u043d\u0441\u0442\u0432\u0435\u043d\u043d\u044b\u043c \u043c\u0438\u043d\u0443\u0441\u043e\u043c \u0437\u0435\u0440\u043a\u0430\u043b \u043e\u0441\u0442\u0430\u044e\u0442\u0441\u044f \u0440\u0435\u0434\u043a\u0438\u0435 \u043f\u043e\u0434\u0432\u0438\u0441\u0430\u043d\u0438\u044f, \u043e\u0434\u043d\u0430\u043a\u043e \u0430\u0434\u043c\u0438\u043d\u0438\u0441\u0442\u0440\u0430\u0446\u0438\u044f \u0440\u0435\u0433\u0443\u043b\u044f\u0440\u043d\u043e \u043e\u0431\u043d\u043e\u0432\u043b\u044f\u0435\u0442 \u0441\u043f\u0438\u0441\u043e\u043a \u0430\u043a\u0442\u0443\u0430\u043b\u044c\u043d\u044b\u0445 \u0430\u0434\u0440\u0435\u0441\u043e\u0432, \u0447\u0442\u043e \u043e\u0431\u0435\u0441\u043f\u0435\u0447\u0438\u0432\u0430\u0435\u0442 \u0441\u0442\u0430\u0431\u0438\u043b\u044c\u043d\u044b\u0439 \u0434\u043e\u0441\u0442\u0443\u043f \u043a \u0440\u0435\u0441\u0443\u0440\u0441\u0443.<\/p>\n<p>\u0420\u0435\u0433\u0438\u0441\u0442\u0440\u0430\u0446\u0438\u044f \u043d\u0430 \u043e\u0444\u0438\u0446\u0438\u0430\u043b\u044c\u043d\u043e\u043c \u043f\u043e\u0440\u0442\u0430\u043b\u0435 <a href=\"https:\/\/edmarket.digital\">vavada casino \u043e\u0444\u0438\u0446\u0438\u0430\u043b\u044c\u043d\u044b\u0439 \u0441\u0430\u0439\u0442<\/a> \u043f\u0440\u043e\u0445\u043e\u0434\u0438\u0442 \u0432 \u043d\u0435\u0441\u043a\u043e\u043b\u044c\u043a\u043e \u043f\u0440\u043e\u0441\u0442\u044b\u0445 \u0448\u0430\u0433\u043e\u0432: \u0437\u0430\u043f\u043e\u043b\u043d\u0435\u043d\u0438\u0435 \u043f\u0435\u0440\u0441\u043e\u043d\u0430\u043b\u044c\u043d\u044b\u0445 \u0434\u0430\u043d\u043d\u044b\u0445, \u043f\u043e\u0434\u0442\u0432\u0435\u0440\u0436\u0434\u0435\u043d\u0438\u0435 \u0441\u043e\u0433\u043b\u0430\u0441\u0438\u044f \u0441 \u043f\u0440\u0430\u0432\u0438\u043b\u0430\u043c\u0438 \u0438 \u0430\u043a\u0442\u0438\u0432\u0430\u0446\u0438\u044f \u0430\u043a\u043a\u0430\u0443\u043d\u0442\u0430 \u043f\u043e e-mail. \u041f\u043e\u0441\u043b\u0435 \u043f\u043e\u0434\u0442\u0432\u0435\u0440\u0436\u0434\u0435\u043d\u0438\u044f \u043f\u043e\u043b\u044c\u0437\u043e\u0432\u0430\u0442\u0435\u043b\u044c \u043f\u043e\u043b\u0443\u0447\u0430\u0435\u0442 \u0434\u043e\u0441\u0442\u0443\u043f \u043a\u043e \u0432\u0441\u0435\u043c \u0444\u0443\u043d\u043a\u0446\u0438\u044f\u043c \u043a\u0430\u0437\u0438\u043d\u043e, \u0432\u043a\u043b\u044e\u0447\u0430\u044f \u0432\u0445\u043e\u0434 \u043d\u0430 \u0441\u0430\u0439\u0442, \u0437\u0430\u043f\u0443\u0441\u043a \u0438\u0433\u0440, \u0438\u0441\u043f\u043e\u043b\u044c\u0437\u043e\u0432\u0430\u043d\u0438\u0435 \u0431\u043e\u043d\u0443\u0441\u043e\u0432 \u0438 \u0443\u043f\u0440\u0430\u0432\u043b\u0435\u043d\u0438\u0435 \u0441\u0447\u0451\u0442\u043e\u043c. \u041f\u0440\u043e\u0446\u0435\u0441\u0441 \u0440\u0435\u0433\u0438\u0441\u0442\u0440\u0430\u0446\u0438\u0438 \u0438\u043d\u0442\u0443\u0438\u0442\u0438\u0432\u0435\u043d \u0438 \u043f\u043e\u0434\u0445\u043e\u0434\u0438\u0442 \u0434\u043b\u044f \u043d\u043e\u0432\u0438\u0447\u043a\u043e\u0432.<\/p>\n<p>\u041f\u043b\u0430\u0442\u0451\u0436\u043d\u044b\u0435 \u0432\u043e\u0437\u043c\u043e\u0436\u043d\u043e\u0441\u0442\u0438 Vavada \u0432\u043a\u043b\u044e\u0447\u0430\u044e\u0442 \u0431\u0430\u043d\u043a\u043e\u0432\u0441\u043a\u0438\u0435 \u043a\u0430\u0440\u0442\u044b, \u044d\u043b\u0435\u043a\u0442\u0440\u043e\u043d\u043d\u044b\u0435 \u043a\u043e\u0448\u0435\u043b\u044c\u043a\u0438 \u0438 \u043a\u0440\u0438\u043f\u0442\u043e\u0432\u0430\u043b\u044e\u0442\u0443. \u041f\u043e\u043f\u043e\u043b\u043d\u0435\u043d\u0438\u0435 \u0447\u0435\u0440\u0435\u0437 Visa \u0438 Mastercard \u043f\u0440\u043e\u0438\u0441\u0445\u043e\u0434\u0438\u0442 \u043c\u043e\u043c\u0435\u043d\u0442\u0430\u043b\u044c\u043d\u043e, \u0430 \u044d\u043b\u0435\u043a\u0442\u0440\u043e\u043d\u043d\u044b\u0435 \u043a\u043e\u0448\u0435\u043b\u044c\u043a\u0438 \u043f\u043e\u0437\u0432\u043e\u043b\u044f\u044e\u0442 \u0441\u043e\u0445\u0440\u0430\u043d\u044f\u0442\u044c \u043a\u043e\u043d\u0444\u0438\u0434\u0435\u043d\u0446\u0438\u0430\u043b\u044c\u043d\u043e\u0441\u0442\u044c \u0444\u0438\u043d\u0430\u043d\u0441\u043e\u0432\u044b\u0445 \u0434\u0430\u043d\u043d\u044b\u0445. \u041a\u0440\u0438\u043f\u0442\u043e\u0432\u0430\u043b\u044e\u0442\u043d\u044b\u0435 \u043f\u0435\u0440\u0435\u0432\u043e\u0434\u044b \u043e\u0431\u0435\u0441\u043f\u0435\u0447\u0438\u0432\u0430\u044e\u0442 \u043c\u0433\u043d\u043e\u0432\u0435\u043d\u043d\u043e\u0435 \u0437\u0430\u0447\u0438\u0441\u043b\u0435\u043d\u0438\u0435 \u0438 \u0430\u043d\u043e\u043d\u0438\u043c\u043d\u043e\u0441\u0442\u044c, \u043d\u043e \u043f\u043e\u0434\u0445\u043e\u0434\u044f\u0442 \u043d\u0435 \u0432\u0441\u0435\u043c \u0438\u0437-\u0437\u0430 \u0438\u0445 \u043d\u0435\u0441\u0442\u0430\u0431\u0438\u043b\u044c\u043d\u043e\u0441\u0442\u0438. \u0412\u044b\u0432\u043e\u0434 \u0441\u0440\u0435\u0434\u0441\u0442\u0432 \u0437\u0430\u043d\u0438\u043c\u0430\u0435\u0442 \u0434\u043e 48 \u0447\u0430\u0441\u043e\u0432, \u043f\u043e\u0441\u043b\u0435 \u0447\u0435\u0433\u043e \u0434\u0435\u043d\u044c\u0433\u0438 \u043f\u043e\u0441\u0442\u0443\u043f\u0430\u044e\u0442 \u0441\u043e\u0433\u043b\u0430\u0441\u043d\u043e \u0432\u044b\u0431\u0440\u0430\u043d\u043d\u043e\u043c\u0443 \u043c\u0435\u0442\u043e\u0434\u0443 &mdash; \u043e\u0442 \u043c\u0433\u043d\u043e\u0432\u0435\u043d\u043d\u043e\u0433\u043e \u0437\u0430\u0447\u0438\u0441\u043b\u0435\u043d\u0438\u044f \u0434\u043e \u043d\u0435\u0441\u043a\u043e\u043b\u044c\u043a\u0438\u0445 \u0431\u0430\u043d\u043a\u043e\u0432\u0441\u043a\u0438\u0445 \u0434\u043d\u0435\u0439.<\/p>\n<p>\u0421\u0442\u0430\u0432\u043a\u0438 \u043d\u0430 \u0441\u043f\u043e\u0440\u0442 \u0432 Vavada \u043e\u0445\u0432\u0430\u0442\u044b\u0432\u0430\u044e\u0442 \u0448\u0438\u0440\u043e\u043a\u0438\u0439 \u0441\u043f\u0435\u043a\u0442\u0440 \u0434\u0438\u0441\u0446\u0438\u043f\u043b\u0438\u043d: \u0444\u0443\u0442\u0431\u043e\u043b, \u0442\u0435\u043d\u043d\u0438\u0441, \u0445\u043e\u043a\u043a\u0435\u0439, \u0431\u0430\u0441\u043a\u0435\u0442\u0431\u043e\u043b, \u0440\u0435\u0433\u0431\u0438, \u0430\u0432\u0442\u043e\u0441\u043f\u043e\u0440\u0442 \u0438 \u0434\u0440\u0443\u0433\u0438\u0435 \u043d\u0430\u043f\u0440\u0430\u0432\u043b\u0435\u043d\u0438\u044f. \u0414\u043e\u0441\u0442\u0443\u043f\u043d\u044b \u0441\u043e\u0442\u043d\u0438 \u0440\u044b\u043d\u043a\u043e\u0432, \u0432\u043a\u043b\u044e\u0447\u0430\u044f \u043e\u0441\u043d\u043e\u0432\u043d\u044b\u0435 \u0438\u0441\u0445\u043e\u0434\u044b, \u0438\u043d\u0434\u0438\u0432\u0438\u0434\u0443\u0430\u043b\u044c\u043d\u044b\u0435 \u043f\u043e\u043a\u0430\u0437\u0430\u0442\u0435\u043b\u0438 \u0438 \u043a\u043e\u043c\u0431\u0438\u043d\u0438\u0440\u043e\u0432\u0430\u043d\u043d\u044b\u0435 \u0441\u0442\u0430\u0432\u043a\u0438. \u0412 \u043f\u043b\u0430\u0442\u0444\u043e\u0440\u043c\u0435 \u043f\u0440\u0435\u0434\u0443\u0441\u043c\u043e\u0442\u0440\u0435\u043d\u044b \u044d\u043a\u0441\u043f\u0435\u0440\u0442\u043d\u044b\u0435 \u043f\u0440\u043e\u0433\u043d\u043e\u0437\u044b \u0438 \u0430\u043d\u0430\u043b\u0438\u0442\u0438\u043a\u0430, \u0447\u0442\u043e \u043f\u043e\u043c\u043e\u0433\u0430\u0435\u0442 \u0438\u0433\u0440\u043e\u043a\u0430\u043c \u043f\u0440\u0438\u043d\u0438\u043c\u0430\u0442\u044c \u0432\u0437\u0432\u0435\u0448\u0435\u043d\u043d\u044b\u0435 \u0440\u0435\u0448\u0435\u043d\u0438\u044f. \u0411\u043b\u0430\u0433\u043e\u0434\u0430\u0440\u044f \u0440\u0430\u0437\u043d\u043e\u043e\u0431\u0440\u0430\u0437\u0438\u044e \u0440\u044b\u043d\u043a\u043e\u0432 \u0438 \u0431\u044b\u0441\u0442\u0440\u043e\u043c\u0443 \u0432\u0432\u043e\u0434\u0443 \u0441\u0440\u0435\u0434\u0441\u0442\u0432 \u0441\u0435\u0440\u0432\u0438\u0441 \u043f\u043e\u0434\u0445\u043e\u0434\u0438\u0442 \u043a\u0430\u043a \u0434\u043b\u044f \u043d\u043e\u0432\u0438\u0447\u043a\u043e\u0432, \u0442\u0430\u043a \u0438 \u0434\u043b\u044f \u043e\u043f\u044b\u0442\u043d\u044b\u0445 \u0431\u0435\u0442\u0442\u0435\u0440\u043e\u0432.<\/p>\n     <\/div>\n<\/body><\/div><div style=\"overflow:hidden;height:1px;\"><a href=\"https:\/\/davidpowell-thompson.co.uk\/\">fast payout casino uk<\/a><\/div>","protected":false},"excerpt":{"rendered":"<p>skrill casino uk casino visamastercard online casinospay by mobile phone casino Gates of Olympus slot, Pragmatic Play\u2019in en pop\u00fcler oyunlar\u0131ndan biridir. Gates of Olympus antik Yunan mitolojisine dayanan bu oyun, \u00fccretsiz d\u00f6nd\u00fcrmeler ve y\u00fcksek \u00e7arpanlarla dolu. Tanr\u0131sal \u00f6d\u00fcller i\u00e7in \u015fimdi oynay\u0131n ve b\u00fcy\u00fck kazan\u00e7lar\u0131n kap\u0131lar\u0131n\u0131 aralay\u0131n. \u041c\u043e\u0431\u0438\u043b\u044c\u043d\u0430\u044f \u0432\u0435\u0440\u0441\u0438\u044f Vavada \u0432 \u0420\u043e\u0441\u0441\u0438\u0438 \u041c\u043e\u0431\u0438\u043b\u044c\u043d\u0430\u044f \u0432\u0435\u0440\u0441\u0438\u044f \u043f\u043b\u0430\u0442\u0444\u043e\u0440\u043c\u044b vavada [&hellip;]<\/p>\n","protected":false},"author":1,"featured_media":0,"parent":0,"menu_order":0,"comment_status":"closed","ping_status":"closed","template":"","meta":[],"_links":{"self":[{"href":"http:\/\/ansoldes.com\/index.php\/wp-json\/wp\/v2\/pages\/14"}],"collection":[{"href":"http:\/\/ansoldes.com\/index.php\/wp-json\/wp\/v2\/pages"}],"about":[{"href":"http:\/\/ansoldes.com\/index.php\/wp-json\/wp\/v2\/types\/page"}],"author":[{"embeddable":true,"href":"http:\/\/ansoldes.com\/index.php\/wp-json\/wp\/v2\/users\/1"}],"replies":[{"embeddable":true,"href":"http:\/\/ansoldes.com\/index.php\/wp-json\/wp\/v2\/comments?post=14"}],"version-history":[{"count":1068,"href":"http:\/\/ansoldes.com\/index.php\/wp-json\/wp\/v2\/pages\/14\/revisions"}],"predecessor-version":[{"id":189336,"href":"http:\/\/ansoldes.com\/index.php\/wp-json\/wp\/v2\/pages\/14\/revisions\/189336"}],"wp:attachment":[{"href":"http:\/\/ansoldes.com\/index.php\/wp-json\/wp\/v2\/media?parent=14"}],"curies":[{"name":"wp","href":"https:\/\/api.w.org\/{rel}","templated":true}]}}